{"id":230,"date":"2023-10-09T05:49:04","date_gmt":"2023-10-09T05:49:04","guid":{"rendered":"http:\/\/talenteek.com\/homepage\/"},"modified":"2026-03-13T09:25:18","modified_gmt":"2026-03-13T09:25:18","slug":"homepage","status":"publish","type":"page","link":"https:\/\/talenteek.com\/lt\/","title":{"rendered":"Talenteek &#8211; Personalo atrank\u0173 specialist\u0173 nuoma &#8211; Recruitment Process Outsourcing"},"content":{"rendered":"","protected":false},"excerpt":{"rendered":"","protected":false},"author":1,"featured_media":0,"parent":0,"menu_order":0,"comment_status":"closed","ping_status":"closed","template":"","meta":{"footnotes":""},"class_list":["post-230","page","type-page","status-publish","hentry"],"acf":[],"yoast_head":"<!-- This site is optimized with the Yoast SEO plugin v27.5 - https:\/\/yoast.com\/product\/yoast-seo-wordpress\/ -->\n<title>Talenteek - Personalo atrank\u0173 specialist\u0173 nuoma - Recruitment Process Outsourcing - Talenteek<\/title>\n<meta name=\"description\" content=\"Talent\u0173 paie\u0161kos specialist\u0173 nuoma (Recruitment Process Outsourcing): m\u016bs\u0173 komandos darbuotojas, kuris dirba tik jums. Susiplanuokime pokalb\u012f apie tai.\" \/>\n<meta name=\"robots\" content=\"index, follow, max-snippet:-1, max-image-preview:large, max-video-preview:-1\" \/>\n<link rel=\"canonical\" href=\"https:\/\/talenteek.com\/lt\/\" \/>\n<meta property=\"og:locale\" content=\"lt_LT\" \/>\n<meta property=\"og:type\" content=\"article\" \/>\n<meta property=\"og:title\" content=\"Unlock the benefits of Recruitment Process Outsourcing\" \/>\n<meta property=\"og:description\" content=\"Bring in a dedicated recruiter from our team who works exclusively for you.\" \/>\n<meta property=\"og:url\" content=\"https:\/\/talenteek.com\/lt\/\" \/>\n<meta property=\"og:site_name\" content=\"Talenteek\" \/>\n<meta property=\"article:modified_time\" content=\"2026-03-13T09:25:18+00:00\" \/>\n<meta property=\"og:image\" content=\"https:\/\/talenteek.com\/wp-content\/uploads\/2023\/10\/Talenteek-og.png\" \/>\n\t<meta property=\"og:image:width\" content=\"1920\" \/>\n\t<meta property=\"og:image:height\" content=\"1080\" \/>\n\t<meta property=\"og:image:type\" content=\"image\/png\" \/>\n<meta name=\"twitter:card\" content=\"summary_large_image\" \/>\n<script type=\"application\/ld+json\" class=\"yoast-schema-graph\">{\"@context\":\"https:\\\/\\\/schema.org\",\"@graph\":[{\"@type\":\"WebPage\",\"@id\":\"https:\\\/\\\/talenteek.com\\\/lt\\\/\",\"url\":\"https:\\\/\\\/talenteek.com\\\/lt\\\/\",\"name\":\"Talenteek - Personalo atrank\u0173 specialist\u0173 nuoma - Recruitment Process Outsourcing - Talenteek\",\"isPartOf\":{\"@id\":\"https:\\\/\\\/talenteek.com\\\/#website\"},\"datePublished\":\"2023-10-09T05:49:04+00:00\",\"dateModified\":\"2026-03-13T09:25:18+00:00\",\"description\":\"Talent\u0173 paie\u0161kos specialist\u0173 nuoma (Recruitment Process Outsourcing): m\u016bs\u0173 komandos darbuotojas, kuris dirba tik jums. Susiplanuokime pokalb\u012f apie tai.\",\"inLanguage\":\"lt-LT\",\"potentialAction\":[{\"@type\":\"ReadAction\",\"target\":[\"https:\\\/\\\/talenteek.com\\\/lt\\\/\"]}]},{\"@type\":\"WebSite\",\"@id\":\"https:\\\/\\\/talenteek.com\\\/#website\",\"url\":\"https:\\\/\\\/talenteek.com\\\/\",\"name\":\"Talenteek\",\"description\":\"Personalo atrank\u0173 specialist\u0173 nuoma jums\",\"publisher\":{\"@id\":\"https:\\\/\\\/talenteek.com\\\/#organization\"},\"potentialAction\":[{\"@type\":\"SearchAction\",\"target\":{\"@type\":\"EntryPoint\",\"urlTemplate\":\"https:\\\/\\\/talenteek.com\\\/?s={search_term_string}\"},\"query-input\":{\"@type\":\"PropertyValueSpecification\",\"valueRequired\":true,\"valueName\":\"search_term_string\"}}],\"inLanguage\":\"lt-LT\"},{\"@type\":\"Organization\",\"@id\":\"https:\\\/\\\/talenteek.com\\\/#organization\",\"name\":\"Talenteek\",\"url\":\"https:\\\/\\\/talenteek.com\\\/\",\"logo\":{\"@type\":\"ImageObject\",\"inLanguage\":\"lt-LT\",\"@id\":\"https:\\\/\\\/talenteek.com\\\/#\\\/schema\\\/logo\\\/image\\\/\",\"url\":\"https:\\\/\\\/talenteek.com\\\/wp-content\\\/uploads\\\/2023\\\/10\\\/talenteel-logo-in-a-sq-no-border.png\",\"contentUrl\":\"https:\\\/\\\/talenteek.com\\\/wp-content\\\/uploads\\\/2023\\\/10\\\/talenteel-logo-in-a-sq-no-border.png\",\"width\":1000,\"height\":1000,\"caption\":\"Talenteek\"},\"image\":{\"@id\":\"https:\\\/\\\/talenteek.com\\\/#\\\/schema\\\/logo\\\/image\\\/\"},\"sameAs\":[\"https:\\\/\\\/www.linkedin.com\\\/company\\\/talenteek\\\/\"]}]}<\/script>\n<!-- \/ Yoast SEO plugin. -->","yoast_head_json":{"title":"Talenteek - Personalo atrank\u0173 specialist\u0173 nuoma - Recruitment Process Outsourcing - Talenteek","description":"Talent\u0173 paie\u0161kos specialist\u0173 nuoma (Recruitment Process Outsourcing): m\u016bs\u0173 komandos darbuotojas, kuris dirba tik jums. Susiplanuokime pokalb\u012f apie tai.","robots":{"index":"index","follow":"follow","max-snippet":"max-snippet:-1","max-image-preview":"max-image-preview:large","max-video-preview":"max-video-preview:-1"},"canonical":"https:\/\/talenteek.com\/lt\/","og_locale":"lt_LT","og_type":"article","og_title":"Unlock the benefits of Recruitment Process Outsourcing","og_description":"Bring in a dedicated recruiter from our team who works exclusively for you.","og_url":"https:\/\/talenteek.com\/lt\/","og_site_name":"Talenteek","article_modified_time":"2026-03-13T09:25:18+00:00","og_image":[{"width":1920,"height":1080,"url":"https:\/\/talenteek.com\/wp-content\/uploads\/2023\/10\/Talenteek-og.png","type":"image\/png"}],"twitter_card":"summary_large_image","schema":{"@context":"https:\/\/schema.org","@graph":[{"@type":"WebPage","@id":"https:\/\/talenteek.com\/lt\/","url":"https:\/\/talenteek.com\/lt\/","name":"Talenteek - Personalo atrank\u0173 specialist\u0173 nuoma - Recruitment Process Outsourcing - Talenteek","isPartOf":{"@id":"https:\/\/talenteek.com\/#website"},"datePublished":"2023-10-09T05:49:04+00:00","dateModified":"2026-03-13T09:25:18+00:00","description":"Talent\u0173 paie\u0161kos specialist\u0173 nuoma (Recruitment Process Outsourcing): m\u016bs\u0173 komandos darbuotojas, kuris dirba tik jums. Susiplanuokime pokalb\u012f apie tai.","inLanguage":"lt-LT","potentialAction":[{"@type":"ReadAction","target":["https:\/\/talenteek.com\/lt\/"]}]},{"@type":"WebSite","@id":"https:\/\/talenteek.com\/#website","url":"https:\/\/talenteek.com\/","name":"Talenteek","description":"Personalo atrank\u0173 specialist\u0173 nuoma jums","publisher":{"@id":"https:\/\/talenteek.com\/#organization"},"potentialAction":[{"@type":"SearchAction","target":{"@type":"EntryPoint","urlTemplate":"https:\/\/talenteek.com\/?s={search_term_string}"},"query-input":{"@type":"PropertyValueSpecification","valueRequired":true,"valueName":"search_term_string"}}],"inLanguage":"lt-LT"},{"@type":"Organization","@id":"https:\/\/talenteek.com\/#organization","name":"Talenteek","url":"https:\/\/talenteek.com\/","logo":{"@type":"ImageObject","inLanguage":"lt-LT","@id":"https:\/\/talenteek.com\/#\/schema\/logo\/image\/","url":"https:\/\/talenteek.com\/wp-content\/uploads\/2023\/10\/talenteel-logo-in-a-sq-no-border.png","contentUrl":"https:\/\/talenteek.com\/wp-content\/uploads\/2023\/10\/talenteel-logo-in-a-sq-no-border.png","width":1000,"height":1000,"caption":"Talenteek"},"image":{"@id":"https:\/\/talenteek.com\/#\/schema\/logo\/image\/"},"sameAs":["https:\/\/www.linkedin.com\/company\/talenteek\/"]}]}},"_links":{"self":[{"href":"https:\/\/talenteek.com\/lt\/wp-json\/wp\/v2\/pages\/230","targetHints":{"allow":["GET"]}}],"collection":[{"href":"https:\/\/talenteek.com\/lt\/wp-json\/wp\/v2\/pages"}],"about":[{"href":"https:\/\/talenteek.com\/lt\/wp-json\/wp\/v2\/types\/page"}],"author":[{"embeddable":true,"href":"https:\/\/talenteek.com\/lt\/wp-json\/wp\/v2\/users\/1"}],"replies":[{"embeddable":true,"href":"https:\/\/talenteek.com\/lt\/wp-json\/wp\/v2\/comments?post=230"}],"version-history":[{"count":29,"href":"https:\/\/talenteek.com\/lt\/wp-json\/wp\/v2\/pages\/230\/revisions"}],"predecessor-version":[{"id":432,"href":"https:\/\/talenteek.com\/lt\/wp-json\/wp\/v2\/pages\/230\/revisions\/432"}],"wp:attachment":[{"href":"https:\/\/talenteek.com\/lt\/wp-json\/wp\/v2\/media?parent=230"}],"curies":[{"name":"wp","href":"https:\/\/api.w.org\/{rel}","templated":true}]}}